{"id":1556,"date":"2021-01-19T23:21:34","date_gmt":"2021-01-19T22:21:34","guid":{"rendered":"https:\/\/www.serail-technology.com\/solutions-production-processes\/temperature-du-condenseur\/"},"modified":"2023-04-21T17:42:57","modified_gmt":"2023-04-21T15:42:57","slug":"condenser-temperature","status":"publish","type":"page","link":"https:\/\/www.serail-technology.com\/en\/solutions-production-processes\/condenser-temperature\/","title":{"rendered":"Condenser temperature"},"content":{"rendered":"\n<p class=\"has-medium-font-size\">With the UNIFLUID system offered on pilot and industrial freeze-dryers, SERAIL-TECH Engineering brought cutting edge hydraulic technology to the market. <\/p>\n\n\n\n<p class=\"has-medium-font-size\">This system guarantees constant temperatures and power on the condenser during sublimation via the heat transfer fluid.<\/p>\n\n\n\n<p class=\"has-medium-font-size\">We have further develloped the UNIFLUID system and now offer the TWINLOOP solution: temperature variations on the shelves are carried out independenty from the condenser during the lyophilization cycle, thus granting unparalleled temperature stability.<\/p>\n\n\n\n<figure class=\"wp-block-image size-large\"><img loading=\"lazy\" decoding=\"async\" width=\"825\" height=\"470\" src=\"https:\/\/www.serail-technology.com\/wp-content\/uploads\/2021\/03\/serail-condenseur.jpg\" alt=\"\" class=\"wp-image-1079\" srcset=\"https:\/\/www.serail-technology.com\/wp-content\/uploads\/2021\/03\/serail-condenseur.jpg 825w, https:\/\/www.serail-technology.com\/wp-content\/uploads\/2021\/03\/serail-condenseur-300x171.jpg 300w, https:\/\/www.serail-technology.com\/wp-content\/uploads\/2021\/03\/serail-condenseur-768x438.jpg 768w\" sizes=\"auto, (max-width: 825px) 100vw, 825px\" \/><\/figure>\n","protected":false},"excerpt":{"rendered":"<p>With the UNIFLUID system offered on pilot and industrial freeze-dryers, SERAIL-TECH Engineering brought cutting edge hydraulic technology to the market. This system guarantees constant temperatures and power on the condenser during sublimation via the heat transfer fluid. We have further develloped the UNIFLUID system and now offer the TWINLOOP solution: temperature variations on the shelves [&hellip;]<\/p>\n","protected":false},"author":1,"featured_media":779,"parent":1544,"menu_order":0,"comment_status":"closed","ping_status":"closed","template":"single-process.php","meta":{"_acf_changed":false,"footnotes":""},"class_list":["post-1556","page","type-page","status-publish","has-post-thumbnail","hentry"],"acf":[],"yoast_head":"<!-- This site is optimized with the Yoast SEO plugin v27.3 - https:\/\/yoast.com\/product\/yoast-seo-wordpress\/ -->\n<title>Condenser temperature - SERAIL-TECH Engineering<\/title>\n<meta name=\"description\" content=\"SERAIL propose son syst\u00e8me de contr\u00f4le de la temp\u00e9rature du condenseur en cours de cycle de lyophilisation. Sa puissance permet une stabilit\u00e9 in\u00e9gal\u00e9e.\" \/>\n<meta name=\"robots\" content=\"index, follow, max-snippet:-1, max-image-preview:large, max-video-preview:-1\" \/>\n<link rel=\"canonical\" href=\"https:\/\/www.serail-technology.com\/en\/solutions-production-processes\/condenser-temperature\/\" \/>\n<meta property=\"og:locale\" content=\"en_US\" \/>\n<meta property=\"og:type\" content=\"article\" \/>\n<meta property=\"og:title\" content=\"Condenser temperature - SERAIL-TECH Engineering\" \/>\n<meta property=\"og:description\" content=\"SERAIL propose son syst\u00e8me de contr\u00f4le de la temp\u00e9rature du condenseur en cours de cycle de lyophilisation. Sa puissance permet une stabilit\u00e9 in\u00e9gal\u00e9e.\" \/>\n<meta property=\"og:url\" content=\"https:\/\/www.serail-technology.com\/en\/solutions-production-processes\/condenser-temperature\/\" \/>\n<meta property=\"og:site_name\" content=\"SERAIL-TECH Engineering\" \/>\n<meta property=\"article:modified_time\" content=\"2023-04-21T15:42:57+00:00\" \/>\n<meta property=\"og:image\" content=\"https:\/\/www.serail-technology.com\/wp-content\/uploads\/2021\/02\/serail-solutions-process.jpg\" \/>\n\t<meta property=\"og:image:width\" content=\"1700\" \/>\n\t<meta property=\"og:image:height\" content=\"550\" \/>\n\t<meta property=\"og:image:type\" content=\"image\/jpeg\" \/>\n<meta name=\"twitter:card\" content=\"summary_large_image\" \/>\n<meta name=\"twitter:label1\" content=\"Est. reading time\" \/>\n\t<meta name=\"twitter:data1\" content=\"1 minute\" \/>\n<script type=\"application\/ld+json\" class=\"yoast-schema-graph\">{\"@context\":\"https:\\\/\\\/schema.org\",\"@graph\":[{\"@type\":\"WebPage\",\"@id\":\"https:\\\/\\\/www.serail-technology.com\\\/en\\\/solutions-production-processes\\\/condenser-temperature\\\/\",\"url\":\"https:\\\/\\\/www.serail-technology.com\\\/en\\\/solutions-production-processes\\\/condenser-temperature\\\/\",\"name\":\"Condenser temperature - SERAIL-TECH Engineering\",\"isPartOf\":{\"@id\":\"https:\\\/\\\/www.serail-technology.com\\\/#website\"},\"primaryImageOfPage\":{\"@id\":\"https:\\\/\\\/www.serail-technology.com\\\/en\\\/solutions-production-processes\\\/condenser-temperature\\\/#primaryimage\"},\"image\":{\"@id\":\"https:\\\/\\\/www.serail-technology.com\\\/en\\\/solutions-production-processes\\\/condenser-temperature\\\/#primaryimage\"},\"thumbnailUrl\":\"https:\\\/\\\/www.serail-technology.com\\\/wp-content\\\/uploads\\\/2021\\\/02\\\/serail-solutions-process.jpg\",\"datePublished\":\"2021-01-19T22:21:34+00:00\",\"dateModified\":\"2023-04-21T15:42:57+00:00\",\"description\":\"SERAIL propose son syst\u00e8me de contr\u00f4le de la temp\u00e9rature du condenseur en cours de cycle de lyophilisation. Sa puissance permet une stabilit\u00e9 in\u00e9gal\u00e9e.\",\"breadcrumb\":{\"@id\":\"https:\\\/\\\/www.serail-technology.com\\\/en\\\/solutions-production-processes\\\/condenser-temperature\\\/#breadcrumb\"},\"inLanguage\":\"en-US\",\"potentialAction\":[{\"@type\":\"ReadAction\",\"target\":[\"https:\\\/\\\/www.serail-technology.com\\\/en\\\/solutions-production-processes\\\/condenser-temperature\\\/\"]}]},{\"@type\":\"ImageObject\",\"inLanguage\":\"en-US\",\"@id\":\"https:\\\/\\\/www.serail-technology.com\\\/en\\\/solutions-production-processes\\\/condenser-temperature\\\/#primaryimage\",\"url\":\"https:\\\/\\\/www.serail-technology.com\\\/wp-content\\\/uploads\\\/2021\\\/02\\\/serail-solutions-process.jpg\",\"contentUrl\":\"https:\\\/\\\/www.serail-technology.com\\\/wp-content\\\/uploads\\\/2021\\\/02\\\/serail-solutions-process.jpg\",\"width\":1700,\"height\":550,\"caption\":\"Process solutions\"},{\"@type\":\"BreadcrumbList\",\"@id\":\"https:\\\/\\\/www.serail-technology.com\\\/en\\\/solutions-production-processes\\\/condenser-temperature\\\/#breadcrumb\",\"itemListElement\":[{\"@type\":\"ListItem\",\"position\":1,\"name\":\"Accueil\",\"item\":\"https:\\\/\\\/www.serail-technology.com\\\/en\\\/\"},{\"@type\":\"ListItem\",\"position\":2,\"name\":\"Process Solutions\",\"item\":\"https:\\\/\\\/www.serail-technology.com\\\/en\\\/solutions-production-processes\\\/\"},{\"@type\":\"ListItem\",\"position\":3,\"name\":\"Condenser temperature\"}]},{\"@type\":\"WebSite\",\"@id\":\"https:\\\/\\\/www.serail-technology.com\\\/#website\",\"url\":\"https:\\\/\\\/www.serail-technology.com\\\/\",\"name\":\"SERAIL-TECH Engineering\",\"description\":\"Expert in freeze-drying for industrial pharmaceutical production\",\"potentialAction\":[{\"@type\":\"SearchAction\",\"target\":{\"@type\":\"EntryPoint\",\"urlTemplate\":\"https:\\\/\\\/www.serail-technology.com\\\/?s={search_term_string}\"},\"query-input\":{\"@type\":\"PropertyValueSpecification\",\"valueRequired\":true,\"valueName\":\"search_term_string\"}}],\"inLanguage\":\"en-US\"}]}<\/script>\n<!-- \/ Yoast SEO plugin. -->","yoast_head_json":{"title":"Condenser temperature - SERAIL-TECH Engineering","description":"SERAIL propose son syst\u00e8me de contr\u00f4le de la temp\u00e9rature du condenseur en cours de cycle de lyophilisation. Sa puissance permet une stabilit\u00e9 in\u00e9gal\u00e9e.","robots":{"index":"index","follow":"follow","max-snippet":"max-snippet:-1","max-image-preview":"max-image-preview:large","max-video-preview":"max-video-preview:-1"},"canonical":"https:\/\/www.serail-technology.com\/en\/solutions-production-processes\/condenser-temperature\/","og_locale":"en_US","og_type":"article","og_title":"Condenser temperature - SERAIL-TECH Engineering","og_description":"SERAIL propose son syst\u00e8me de contr\u00f4le de la temp\u00e9rature du condenseur en cours de cycle de lyophilisation. Sa puissance permet une stabilit\u00e9 in\u00e9gal\u00e9e.","og_url":"https:\/\/www.serail-technology.com\/en\/solutions-production-processes\/condenser-temperature\/","og_site_name":"SERAIL-TECH Engineering","article_modified_time":"2023-04-21T15:42:57+00:00","og_image":[{"width":1700,"height":550,"url":"https:\/\/www.serail-technology.com\/wp-content\/uploads\/2021\/02\/serail-solutions-process.jpg","type":"image\/jpeg"}],"twitter_card":"summary_large_image","twitter_misc":{"Est. reading time":"1 minute"},"schema":{"@context":"https:\/\/schema.org","@graph":[{"@type":"WebPage","@id":"https:\/\/www.serail-technology.com\/en\/solutions-production-processes\/condenser-temperature\/","url":"https:\/\/www.serail-technology.com\/en\/solutions-production-processes\/condenser-temperature\/","name":"Condenser temperature - SERAIL-TECH Engineering","isPartOf":{"@id":"https:\/\/www.serail-technology.com\/#website"},"primaryImageOfPage":{"@id":"https:\/\/www.serail-technology.com\/en\/solutions-production-processes\/condenser-temperature\/#primaryimage"},"image":{"@id":"https:\/\/www.serail-technology.com\/en\/solutions-production-processes\/condenser-temperature\/#primaryimage"},"thumbnailUrl":"https:\/\/www.serail-technology.com\/wp-content\/uploads\/2021\/02\/serail-solutions-process.jpg","datePublished":"2021-01-19T22:21:34+00:00","dateModified":"2023-04-21T15:42:57+00:00","description":"SERAIL propose son syst\u00e8me de contr\u00f4le de la temp\u00e9rature du condenseur en cours de cycle de lyophilisation. Sa puissance permet une stabilit\u00e9 in\u00e9gal\u00e9e.","breadcrumb":{"@id":"https:\/\/www.serail-technology.com\/en\/solutions-production-processes\/condenser-temperature\/#breadcrumb"},"inLanguage":"en-US","potentialAction":[{"@type":"ReadAction","target":["https:\/\/www.serail-technology.com\/en\/solutions-production-processes\/condenser-temperature\/"]}]},{"@type":"ImageObject","inLanguage":"en-US","@id":"https:\/\/www.serail-technology.com\/en\/solutions-production-processes\/condenser-temperature\/#primaryimage","url":"https:\/\/www.serail-technology.com\/wp-content\/uploads\/2021\/02\/serail-solutions-process.jpg","contentUrl":"https:\/\/www.serail-technology.com\/wp-content\/uploads\/2021\/02\/serail-solutions-process.jpg","width":1700,"height":550,"caption":"Process solutions"},{"@type":"BreadcrumbList","@id":"https:\/\/www.serail-technology.com\/en\/solutions-production-processes\/condenser-temperature\/#breadcrumb","itemListElement":[{"@type":"ListItem","position":1,"name":"Accueil","item":"https:\/\/www.serail-technology.com\/en\/"},{"@type":"ListItem","position":2,"name":"Process Solutions","item":"https:\/\/www.serail-technology.com\/en\/solutions-production-processes\/"},{"@type":"ListItem","position":3,"name":"Condenser temperature"}]},{"@type":"WebSite","@id":"https:\/\/www.serail-technology.com\/#website","url":"https:\/\/www.serail-technology.com\/","name":"SERAIL-TECH Engineering","description":"Expert in freeze-drying for industrial pharmaceutical production","potentialAction":[{"@type":"SearchAction","target":{"@type":"EntryPoint","urlTemplate":"https:\/\/www.serail-technology.com\/?s={search_term_string}"},"query-input":{"@type":"PropertyValueSpecification","valueRequired":true,"valueName":"search_term_string"}}],"inLanguage":"en-US"}]}},"_links":{"self":[{"href":"https:\/\/www.serail-technology.com\/en\/wp-json\/wp\/v2\/pages\/1556","targetHints":{"allow":["GET"]}}],"collection":[{"href":"https:\/\/www.serail-technology.com\/en\/wp-json\/wp\/v2\/pages"}],"about":[{"href":"https:\/\/www.serail-technology.com\/en\/wp-json\/wp\/v2\/types\/page"}],"author":[{"embeddable":true,"href":"https:\/\/www.serail-technology.com\/en\/wp-json\/wp\/v2\/users\/1"}],"replies":[{"embeddable":true,"href":"https:\/\/www.serail-technology.com\/en\/wp-json\/wp\/v2\/comments?post=1556"}],"version-history":[{"count":5,"href":"https:\/\/www.serail-technology.com\/en\/wp-json\/wp\/v2\/pages\/1556\/revisions"}],"predecessor-version":[{"id":2383,"href":"https:\/\/www.serail-technology.com\/en\/wp-json\/wp\/v2\/pages\/1556\/revisions\/2383"}],"up":[{"embeddable":true,"href":"https:\/\/www.serail-technology.com\/en\/wp-json\/wp\/v2\/pages\/1544"}],"wp:featuredmedia":[{"embeddable":true,"href":"https:\/\/www.serail-technology.com\/en\/wp-json\/wp\/v2\/media\/779"}],"wp:attachment":[{"href":"https:\/\/www.serail-technology.com\/en\/wp-json\/wp\/v2\/media?parent=1556"}],"curies":[{"name":"wp","href":"https:\/\/api.w.org\/{rel}","templated":true}]}}